{"id":8548,"date":"2025-01-20T10:02:05","date_gmt":"2025-01-20T15:02:05","guid":{"rendered":"https:\/\/grouillez-vousai.com\/prenez-un-rendez-vous\/"},"modified":"2025-02-19T00:37:02","modified_gmt":"2025-02-19T05:37:02","slug":"prenez-un-rendez-vous","status":"publish","type":"page","link":"https:\/\/grouillez-vousai.com\/en\/prenez-un-rendez-vous\/","title":{"rendered":"Book An Appointment"},"content":{"rendered":"\t\t<div data-elementor-type=\"wp-page\" data-elementor-id=\"8548\" class=\"elementor elementor-8548 elementor-8086\" data-elementor-post-type=\"page\">\n\t\t\t\t<div class=\"elementor-element elementor-element-bafe2d3 e-flex e-con-boxed e-con e-parent\" data-id=\"bafe2d3\" data-element_type=\"container\">\n\t\t\t\t\t<div class=\"e-con-inner\">\n\t\t\t\t<div class=\"elementor-element elementor-element-4bb2ac2 elementor-widget elementor-widget-html\" data-id=\"4bb2ac2\" data-element_type=\"widget\" data-widget_type=\"html.default\">\n\t\t\t\t<div class=\"elementor-widget-container\">\n\t\t\t\t\t<iframe src=\"https:\/\/link.grouillez-vous.com\/widget\/booking\/5Epc88kEXg8zMtjWsSni\" style=\"width: 100%;border:none;overflow: hidden;\" scrolling=\"no\" id=\"AIXH29khk5euaNR9EOee_1739223217240\"><\/iframe><br><script src=\"https:\/\/link.grouillez-vous.com\/js\/form_embed.js\" type=\"text\/javascript\"><\/script>\t\t\t\t<\/div>\n\t\t\t\t<\/div>\n\t\t\t\t\t<\/div>\n\t\t\t\t<\/div>\n\t\t\t\t<\/div>\n\t\t","protected":false},"excerpt":{"rendered":"","protected":false},"author":1,"featured_media":8535,"parent":0,"menu_order":0,"comment_status":"closed","ping_status":"closed","template":"elementor_header_footer","meta":{"footnotes":""},"class_list":["post-8548","page","type-page","status-publish","has-post-thumbnail","hentry"],"yoast_head":"<!-- This site is optimized with the Yoast SEO plugin v24.5 - https:\/\/yoast.com\/wordpress\/plugins\/seo\/ -->\n<title>Solutions IA | Book An Appointment<\/title>\n<meta name=\"description\" content=\"Planifiez votre rendez-vous en ligne en quelques clics. Simplifiez la prise de contact et b\u00e9n\u00e9ficiez d&#039;une assistance personnalis\u00e9e adapt\u00e9e \u00e0 vos besoins. R\u00e9servez d\u00e8s aujourd&#039;hui !\" \/>\n<meta name=\"robots\" content=\"index, follow, max-snippet:-1, max-image-preview:large, max-video-preview:-1\" \/>\n<link rel=\"canonical\" href=\"https:\/\/grouillez-vousai.com\/en\/prenez-un-rendez-vous\/\" \/>\n<meta property=\"og:locale\" content=\"en_US\" \/>\n<meta property=\"og:type\" content=\"article\" \/>\n<meta property=\"og:title\" content=\"Solutions IA | Book An Appointment\" \/>\n<meta property=\"og:description\" content=\"Planifiez votre rendez-vous en ligne en quelques clics. Simplifiez la prise de contact et b\u00e9n\u00e9ficiez d&#039;une assistance personnalis\u00e9e adapt\u00e9e \u00e0 vos besoins. R\u00e9servez d\u00e8s aujourd&#039;hui !\" \/>\n<meta property=\"og:url\" content=\"https:\/\/grouillez-vousai.com\/en\/prenez-un-rendez-vous\/\" \/>\n<meta property=\"og:site_name\" content=\"Appels IA Innovants - Grouillez-vous AI\" \/>\n<meta property=\"article:publisher\" content=\"https:\/\/www.facebook.com\/grouillezvous\/\" \/>\n<meta property=\"article:modified_time\" content=\"2025-02-19T05:37:02+00:00\" \/>\n<meta property=\"og:image\" content=\"https:\/\/grouillez-vousai.com\/wp-content\/uploads\/2025\/01\/image-4.webp\" \/>\n\t<meta property=\"og:image:width\" content=\"2000\" \/>\n\t<meta property=\"og:image:height\" content=\"2000\" \/>\n\t<meta property=\"og:image:type\" content=\"image\/webp\" \/>\n<meta name=\"twitter:card\" content=\"summary_large_image\" \/>\n<meta name=\"twitter:label1\" content=\"Est. reading time\" \/>\n\t<meta name=\"twitter:data1\" content=\"1 minute\" \/>\n<script type=\"application\/ld+json\" class=\"yoast-schema-graph\">{\"@context\":\"https:\/\/schema.org\",\"@graph\":[{\"@type\":\"WebPage\",\"@id\":\"https:\/\/grouillez-vousai.com\/en\/prenez-un-rendez-vous\/\",\"url\":\"https:\/\/grouillez-vousai.com\/en\/prenez-un-rendez-vous\/\",\"name\":\"Solutions IA | Book An Appointment\",\"isPartOf\":{\"@id\":\"https:\/\/grouillez-vousai.com\/en\/#website\"},\"primaryImageOfPage\":{\"@id\":\"https:\/\/grouillez-vousai.com\/en\/prenez-un-rendez-vous\/#primaryimage\"},\"image\":{\"@id\":\"https:\/\/grouillez-vousai.com\/en\/prenez-un-rendez-vous\/#primaryimage\"},\"thumbnailUrl\":\"https:\/\/grouillez-vousai.com\/wp-content\/uploads\/2025\/01\/image-4.webp\",\"datePublished\":\"2025-01-20T15:02:05+00:00\",\"dateModified\":\"2025-02-19T05:37:02+00:00\",\"description\":\"Planifiez votre rendez-vous en ligne en quelques clics. Simplifiez la prise de contact et b\u00e9n\u00e9ficiez d'une assistance personnalis\u00e9e adapt\u00e9e \u00e0 vos besoins. R\u00e9servez d\u00e8s aujourd'hui !\",\"breadcrumb\":{\"@id\":\"https:\/\/grouillez-vousai.com\/en\/prenez-un-rendez-vous\/#breadcrumb\"},\"inLanguage\":\"en-US\",\"potentialAction\":[{\"@type\":\"ReadAction\",\"target\":[\"https:\/\/grouillez-vousai.com\/en\/prenez-un-rendez-vous\/\"]}]},{\"@type\":\"ImageObject\",\"inLanguage\":\"en-US\",\"@id\":\"https:\/\/grouillez-vousai.com\/en\/prenez-un-rendez-vous\/#primaryimage\",\"url\":\"https:\/\/grouillez-vousai.com\/wp-content\/uploads\/2025\/01\/image-4.webp\",\"contentUrl\":\"https:\/\/grouillez-vousai.com\/wp-content\/uploads\/2025\/01\/image-4.webp\",\"width\":2000,\"height\":2000},{\"@type\":\"BreadcrumbList\",\"@id\":\"https:\/\/grouillez-vousai.com\/en\/prenez-un-rendez-vous\/#breadcrumb\",\"itemListElement\":[{\"@type\":\"ListItem\",\"position\":1,\"name\":\"Home\",\"item\":\"https:\/\/grouillez-vousai.com\/en\/\"},{\"@type\":\"ListItem\",\"position\":2,\"name\":\"Book An Appointment\"}]},{\"@type\":\"WebSite\",\"@id\":\"https:\/\/grouillez-vousai.com\/en\/#website\",\"url\":\"https:\/\/grouillez-vousai.com\/en\/\",\"name\":\"Grouillez-vous\",\"description\":\"AI-Powered Solutions\",\"publisher\":{\"@id\":\"https:\/\/grouillez-vousai.com\/en\/#organization\"},\"potentialAction\":[{\"@type\":\"SearchAction\",\"target\":{\"@type\":\"EntryPoint\",\"urlTemplate\":\"https:\/\/grouillez-vousai.com\/en\/?s={search_term_string}\"},\"query-input\":{\"@type\":\"PropertyValueSpecification\",\"valueRequired\":true,\"valueName\":\"search_term_string\"}}],\"inLanguage\":\"en-US\"},{\"@type\":\"Organization\",\"@id\":\"https:\/\/grouillez-vousai.com\/en\/#organization\",\"name\":\"Grouillez-vous\",\"url\":\"https:\/\/grouillez-vousai.com\/en\/\",\"logo\":{\"@type\":\"ImageObject\",\"inLanguage\":\"en-US\",\"@id\":\"https:\/\/grouillez-vousai.com\/en\/#\/schema\/logo\/image\/\",\"url\":\"https:\/\/grouillez-vousai.com\/wp-content\/uploads\/2024\/12\/Grouillez-vous-AI-Website.webp\",\"contentUrl\":\"https:\/\/grouillez-vousai.com\/wp-content\/uploads\/2024\/12\/Grouillez-vous-AI-Website.webp\",\"width\":350,\"height\":100,\"caption\":\"Grouillez-vous\"},\"image\":{\"@id\":\"https:\/\/grouillez-vousai.com\/en\/#\/schema\/logo\/image\/\"},\"sameAs\":[\"https:\/\/www.facebook.com\/grouillezvous\/\",\"https:\/\/www.linkedin.com\/company\/grouillez-vous\/\"]}]}<\/script>\n<!-- \/ Yoast SEO plugin. -->","yoast_head_json":{"title":"Solutions IA | Book An Appointment","description":"Planifiez votre rendez-vous en ligne en quelques clics. Simplifiez la prise de contact et b\u00e9n\u00e9ficiez d'une assistance personnalis\u00e9e adapt\u00e9e \u00e0 vos besoins. R\u00e9servez d\u00e8s aujourd'hui !","robots":{"index":"index","follow":"follow","max-snippet":"max-snippet:-1","max-image-preview":"max-image-preview:large","max-video-preview":"max-video-preview:-1"},"canonical":"https:\/\/grouillez-vousai.com\/en\/prenez-un-rendez-vous\/","og_locale":"en_US","og_type":"article","og_title":"Solutions IA | Book An Appointment","og_description":"Planifiez votre rendez-vous en ligne en quelques clics. Simplifiez la prise de contact et b\u00e9n\u00e9ficiez d'une assistance personnalis\u00e9e adapt\u00e9e \u00e0 vos besoins. R\u00e9servez d\u00e8s aujourd'hui !","og_url":"https:\/\/grouillez-vousai.com\/en\/prenez-un-rendez-vous\/","og_site_name":"Appels IA Innovants - Grouillez-vous AI","article_publisher":"https:\/\/www.facebook.com\/grouillezvous\/","article_modified_time":"2025-02-19T05:37:02+00:00","og_image":[{"width":2000,"height":2000,"url":"https:\/\/grouillez-vousai.com\/wp-content\/uploads\/2025\/01\/image-4.webp","type":"image\/webp"}],"twitter_card":"summary_large_image","twitter_misc":{"Est. reading time":"1 minute"},"schema":{"@context":"https:\/\/schema.org","@graph":[{"@type":"WebPage","@id":"https:\/\/grouillez-vousai.com\/en\/prenez-un-rendez-vous\/","url":"https:\/\/grouillez-vousai.com\/en\/prenez-un-rendez-vous\/","name":"Solutions IA | Book An Appointment","isPartOf":{"@id":"https:\/\/grouillez-vousai.com\/en\/#website"},"primaryImageOfPage":{"@id":"https:\/\/grouillez-vousai.com\/en\/prenez-un-rendez-vous\/#primaryimage"},"image":{"@id":"https:\/\/grouillez-vousai.com\/en\/prenez-un-rendez-vous\/#primaryimage"},"thumbnailUrl":"https:\/\/grouillez-vousai.com\/wp-content\/uploads\/2025\/01\/image-4.webp","datePublished":"2025-01-20T15:02:05+00:00","dateModified":"2025-02-19T05:37:02+00:00","description":"Planifiez votre rendez-vous en ligne en quelques clics. Simplifiez la prise de contact et b\u00e9n\u00e9ficiez d'une assistance personnalis\u00e9e adapt\u00e9e \u00e0 vos besoins. R\u00e9servez d\u00e8s aujourd'hui !","breadcrumb":{"@id":"https:\/\/grouillez-vousai.com\/en\/prenez-un-rendez-vous\/#breadcrumb"},"inLanguage":"en-US","potentialAction":[{"@type":"ReadAction","target":["https:\/\/grouillez-vousai.com\/en\/prenez-un-rendez-vous\/"]}]},{"@type":"ImageObject","inLanguage":"en-US","@id":"https:\/\/grouillez-vousai.com\/en\/prenez-un-rendez-vous\/#primaryimage","url":"https:\/\/grouillez-vousai.com\/wp-content\/uploads\/2025\/01\/image-4.webp","contentUrl":"https:\/\/grouillez-vousai.com\/wp-content\/uploads\/2025\/01\/image-4.webp","width":2000,"height":2000},{"@type":"BreadcrumbList","@id":"https:\/\/grouillez-vousai.com\/en\/prenez-un-rendez-vous\/#breadcrumb","itemListElement":[{"@type":"ListItem","position":1,"name":"Home","item":"https:\/\/grouillez-vousai.com\/en\/"},{"@type":"ListItem","position":2,"name":"Book An Appointment"}]},{"@type":"WebSite","@id":"https:\/\/grouillez-vousai.com\/en\/#website","url":"https:\/\/grouillez-vousai.com\/en\/","name":"Grouillez-vous","description":"AI-Powered Solutions","publisher":{"@id":"https:\/\/grouillez-vousai.com\/en\/#organization"},"potentialAction":[{"@type":"SearchAction","target":{"@type":"EntryPoint","urlTemplate":"https:\/\/grouillez-vousai.com\/en\/?s={search_term_string}"},"query-input":{"@type":"PropertyValueSpecification","valueRequired":true,"valueName":"search_term_string"}}],"inLanguage":"en-US"},{"@type":"Organization","@id":"https:\/\/grouillez-vousai.com\/en\/#organization","name":"Grouillez-vous","url":"https:\/\/grouillez-vousai.com\/en\/","logo":{"@type":"ImageObject","inLanguage":"en-US","@id":"https:\/\/grouillez-vousai.com\/en\/#\/schema\/logo\/image\/","url":"https:\/\/grouillez-vousai.com\/wp-content\/uploads\/2024\/12\/Grouillez-vous-AI-Website.webp","contentUrl":"https:\/\/grouillez-vousai.com\/wp-content\/uploads\/2024\/12\/Grouillez-vous-AI-Website.webp","width":350,"height":100,"caption":"Grouillez-vous"},"image":{"@id":"https:\/\/grouillez-vousai.com\/en\/#\/schema\/logo\/image\/"},"sameAs":["https:\/\/www.facebook.com\/grouillezvous\/","https:\/\/www.linkedin.com\/company\/grouillez-vous\/"]}]}},"rttpg_featured_image_url":{"full":["https:\/\/grouillez-vousai.com\/wp-content\/uploads\/2025\/01\/image-4.webp",2000,2000,false],"landscape":["https:\/\/grouillez-vousai.com\/wp-content\/uploads\/2025\/01\/image-4.webp",2000,2000,false],"portraits":["https:\/\/grouillez-vousai.com\/wp-content\/uploads\/2025\/01\/image-4.webp",2000,2000,false],"thumbnail":["https:\/\/grouillez-vousai.com\/wp-content\/uploads\/2025\/01\/image-4-150x150.webp",150,150,true],"medium":["https:\/\/grouillez-vousai.com\/wp-content\/uploads\/2025\/01\/image-4-300x300.webp",300,300,true],"large":["https:\/\/grouillez-vousai.com\/wp-content\/uploads\/2025\/01\/image-4-1024x1024.webp",640,640,true],"1536x1536":["https:\/\/grouillez-vousai.com\/wp-content\/uploads\/2025\/01\/image-4-1536x1536.webp",1536,1536,true],"2048x2048":["https:\/\/grouillez-vousai.com\/wp-content\/uploads\/2025\/01\/image-4.webp",2000,2000,false],"tp-image-grid":["https:\/\/grouillez-vousai.com\/wp-content\/uploads\/2025\/01\/image-4-700x700.webp",700,700,true],"intellicon-team-slider":["https:\/\/grouillez-vousai.com\/wp-content\/uploads\/2025\/01\/image-4-358x415.webp",358,415,true],"intellicon-portfolio-slider":["https:\/\/grouillez-vousai.com\/wp-content\/uploads\/2025\/01\/image-4-648x500.webp",648,500,true],"intellicon-portfolio-slider-2":["https:\/\/grouillez-vousai.com\/wp-content\/uploads\/2025\/01\/image-4-800x510.webp",800,510,true],"intellicon-blog-slider":["https:\/\/grouillez-vousai.com\/wp-content\/uploads\/2025\/01\/image-4-420x365.webp",420,365,true],"intellicon-portfolio-grid":["https:\/\/grouillez-vousai.com\/wp-content\/uploads\/2025\/01\/image-4-600x700.webp",600,700,true],"intellicon-blog-sideabr":["https:\/\/grouillez-vousai.com\/wp-content\/uploads\/2025\/01\/image-4-87x87.webp",87,87,true]},"rttpg_author":{"display_name":"gvjp","author_link":"https:\/\/grouillez-vousai.com\/en\/author\/gvjp\/"},"rttpg_comment":0,"rttpg_category":" <a href=\"https:\/\/grouillez-vousai.com\/en\/\" rel=\"tag\">Fran\u00e7ais<\/a>","rttpg_excerpt":null,"_links":{"self":[{"href":"https:\/\/grouillez-vousai.com\/en\/wp-json\/wp\/v2\/pages\/8548","targetHints":{"allow":["GET"]}}],"collection":[{"href":"https:\/\/grouillez-vousai.com\/en\/wp-json\/wp\/v2\/pages"}],"about":[{"href":"https:\/\/grouillez-vousai.com\/en\/wp-json\/wp\/v2\/types\/page"}],"author":[{"embeddable":true,"href":"https:\/\/grouillez-vousai.com\/en\/wp-json\/wp\/v2\/users\/1"}],"replies":[{"embeddable":true,"href":"https:\/\/grouillez-vousai.com\/en\/wp-json\/wp\/v2\/comments?post=8548"}],"version-history":[{"count":3,"href":"https:\/\/grouillez-vousai.com\/en\/wp-json\/wp\/v2\/pages\/8548\/revisions"}],"predecessor-version":[{"id":8682,"href":"https:\/\/grouillez-vousai.com\/en\/wp-json\/wp\/v2\/pages\/8548\/revisions\/8682"}],"wp:featuredmedia":[{"embeddable":true,"href":"https:\/\/grouillez-vousai.com\/en\/wp-json\/wp\/v2\/media\/8535"}],"wp:attachment":[{"href":"https:\/\/grouillez-vousai.com\/en\/wp-json\/wp\/v2\/media?parent=8548"}],"curies":[{"name":"wp","href":"https:\/\/api.w.org\/{rel}","templated":true}]}}