{"id":8547,"date":"2025-01-19T13:44:19","date_gmt":"2025-01-19T18:44:19","guid":{"rendered":"https:\/\/grouillez-vousai.com\/blogue\/"},"modified":"2025-02-19T00:36:46","modified_gmt":"2025-02-19T05:36:46","slug":"blogue","status":"publish","type":"page","link":"https:\/\/grouillez-vousai.com\/en\/blogue\/","title":{"rendered":"Blog"},"content":{"rendered":"\t\t<div data-elementor-type=\"wp-page\" data-elementor-id=\"8547\" class=\"elementor elementor-8547 elementor-8050\" data-elementor-post-type=\"page\">\n\t\t\t\t<div class=\"elementor-element elementor-element-27644d6 e-flex e-con-boxed e-con e-parent\" data-id=\"27644d6\" data-element_type=\"container\" data-settings=\"{&quot;background_background&quot;:&quot;classic&quot;}\">\n\t\t\t\t\t<div class=\"e-con-inner\">\n\t\t\t\t<div class=\"elementor-element elementor-element-a548b13 elementor-invisible elementor-widget elementor-widget-heading\" data-id=\"a548b13\" data-element_type=\"widget\" data-settings=\"{&quot;_animation&quot;:&quot;fadeInUp&quot;}\" data-widget_type=\"heading.default\">\n\t\t\t\t<div class=\"elementor-widget-container\">\n\t\t\t\t\t<h2 class=\"elementor-heading-title elementor-size-default\">Ready to take your business <br>to the next level?<\/h2>\t\t\t\t<\/div>\n\t\t\t\t<\/div>\n\t\t\r\n\r\n\r\n\t\t<div class=\"elementor-element elementor-element-899b781 elementor-invisible elementor-widget elementor-widget-text-editor\" data-id=\"899b781\" data-element_type=\"widget\" data-settings=\"{&quot;_animation&quot;:&quot;fadeInUp&quot;}\" data-widget_type=\"text-editor.default\">\n\t\t\t\t<div class=\"elementor-widget-container\">\n\t\t\t\t\t\t\t\t\t<p>Discover the power of tailored solutions, cutting-edge technology, and proven expertise. Let us help you achieve measurable success and stand out in your industry. <\/p>\n\t\t\t\t\t\t\t\t<\/div>\n\t\t\t\t<\/div>\n\t\t\t\t<div class=\"elementor-element elementor-element-229f7e1 elementor-align-center elementor-widget elementor-widget-button\" data-id=\"229f7e1\" data-element_type=\"widget\" data-widget_type=\"button.default\">\n\t\t\t\t<div class=\"elementor-widget-container\">\n\t\t\t\t\t\t\t\t\t<div class=\"elementor-button-wrapper\">\n\t\t\t\t\t<a class=\"elementor-button elementor-button-link elementor-size-sm elementor-animation-grow\" href=\"https:\/\/grouillez-vousai.com\/en\/prenez-un-rendez-vous\/\">\n\t\t\t\t\t\t<span class=\"elementor-button-content-wrapper\">\n\t\t\t\t\t\t\t\t\t<span class=\"elementor-button-text\"> Make an appointment<\/span>\n\t\t\t\t\t<\/span>\n\t\t\t\t\t<\/a>\n\t\t\t\t<\/div>\n\t\t\t\t\t\t\t\t<\/div>\n\t\t\t\t<\/div>\n\t\t\t\t\t<\/div>\n\t\t\t\t<\/div>\n\t\t\t\t<\/div>\n\t\t","protected":false},"excerpt":{"rendered":"<p>Ready to take your business to the next level? Discover the power of tailored solutions, cutting-edge technology, and proven expertise. Let us help you achieve measurable success and stand out in your industry. Make an appointment<\/p>\n","protected":false},"author":1,"featured_media":8492,"parent":0,"menu_order":0,"comment_status":"closed","ping_status":"closed","template":"elementor_header_footer","meta":{"footnotes":""},"class_list":["post-8547","page","type-page","status-publish","has-post-thumbnail","hentry"],"yoast_head":"<!-- This site is optimized with the Yoast SEO plugin v24.5 - https:\/\/yoast.com\/wordpress\/plugins\/seo\/ -->\n<title>Solutions aliment\u00e9es par l&#039;IA - Blogue<\/title>\n<meta name=\"description\" content=\"Restez inform\u00e9 avec le blog de Grouillez-Vous, qui propose des analyses sur les solutions aliment\u00e9es par l&#039;IA, la croissance des entreprises et les technologies innovantes.\" \/>\n<meta name=\"robots\" content=\"index, follow, max-snippet:-1, max-image-preview:large, max-video-preview:-1\" \/>\n<link rel=\"canonical\" href=\"https:\/\/grouillez-vousai.com\/en\/blogue\/\" \/>\n<meta property=\"og:locale\" content=\"en_US\" \/>\n<meta property=\"og:type\" content=\"article\" \/>\n<meta property=\"og:title\" content=\"Solutions aliment\u00e9es par l&#039;IA - Blogue\" \/>\n<meta property=\"og:description\" content=\"Restez inform\u00e9 avec le blog de Grouillez-Vous, qui propose des analyses sur les solutions aliment\u00e9es par l&#039;IA, la croissance des entreprises et les technologies innovantes.\" \/>\n<meta property=\"og:url\" content=\"https:\/\/grouillez-vousai.com\/en\/blogue\/\" \/>\n<meta property=\"og:site_name\" content=\"Appels IA Innovants - Grouillez-vous AI\" \/>\n<meta property=\"article:publisher\" content=\"https:\/\/www.facebook.com\/grouillezvous\/\" \/>\n<meta property=\"article:modified_time\" content=\"2025-02-19T05:36:46+00:00\" \/>\n<meta property=\"og:image\" content=\"https:\/\/grouillez-vousai.com\/wp-content\/uploads\/2025\/01\/Grouillez-vous-2.webp\" \/>\n\t<meta property=\"og:image:width\" content=\"649\" \/>\n\t<meta property=\"og:image:height\" content=\"290\" \/>\n\t<meta property=\"og:image:type\" content=\"image\/webp\" \/>\n<meta name=\"twitter:card\" content=\"summary_large_image\" \/>\n<meta name=\"twitter:label1\" content=\"Est. reading time\" \/>\n\t<meta name=\"twitter:data1\" content=\"1 minute\" \/>\n<script type=\"application\/ld+json\" class=\"yoast-schema-graph\">{\"@context\":\"https:\/\/schema.org\",\"@graph\":[{\"@type\":\"WebPage\",\"@id\":\"https:\/\/grouillez-vousai.com\/en\/blogue\/\",\"url\":\"https:\/\/grouillez-vousai.com\/en\/blogue\/\",\"name\":\"Solutions aliment\u00e9es par l'IA - Blogue\",\"isPartOf\":{\"@id\":\"https:\/\/grouillez-vousai.com\/en\/#website\"},\"primaryImageOfPage\":{\"@id\":\"https:\/\/grouillez-vousai.com\/en\/blogue\/#primaryimage\"},\"image\":{\"@id\":\"https:\/\/grouillez-vousai.com\/en\/blogue\/#primaryimage\"},\"thumbnailUrl\":\"https:\/\/grouillez-vousai.com\/wp-content\/uploads\/2025\/01\/Grouillez-vous-2.webp\",\"datePublished\":\"2025-01-19T18:44:19+00:00\",\"dateModified\":\"2025-02-19T05:36:46+00:00\",\"description\":\"Restez inform\u00e9 avec le blog de Grouillez-Vous, qui propose des analyses sur les solutions aliment\u00e9es par l'IA, la croissance des entreprises et les technologies innovantes.\",\"breadcrumb\":{\"@id\":\"https:\/\/grouillez-vousai.com\/en\/blogue\/#breadcrumb\"},\"inLanguage\":\"en-US\",\"potentialAction\":[{\"@type\":\"ReadAction\",\"target\":[\"https:\/\/grouillez-vousai.com\/en\/blogue\/\"]}]},{\"@type\":\"ImageObject\",\"inLanguage\":\"en-US\",\"@id\":\"https:\/\/grouillez-vousai.com\/en\/blogue\/#primaryimage\",\"url\":\"https:\/\/grouillez-vousai.com\/wp-content\/uploads\/2025\/01\/Grouillez-vous-2.webp\",\"contentUrl\":\"https:\/\/grouillez-vousai.com\/wp-content\/uploads\/2025\/01\/Grouillez-vous-2.webp\",\"width\":649,\"height\":290},{\"@type\":\"BreadcrumbList\",\"@id\":\"https:\/\/grouillez-vousai.com\/en\/blogue\/#breadcrumb\",\"itemListElement\":[{\"@type\":\"ListItem\",\"position\":1,\"name\":\"Home\",\"item\":\"https:\/\/grouillez-vousai.com\/en\/\"},{\"@type\":\"ListItem\",\"position\":2,\"name\":\"Blog\"}]},{\"@type\":\"WebSite\",\"@id\":\"https:\/\/grouillez-vousai.com\/en\/#website\",\"url\":\"https:\/\/grouillez-vousai.com\/en\/\",\"name\":\"Grouillez-vous\",\"description\":\"AI-Powered Solutions\",\"publisher\":{\"@id\":\"https:\/\/grouillez-vousai.com\/en\/#organization\"},\"potentialAction\":[{\"@type\":\"SearchAction\",\"target\":{\"@type\":\"EntryPoint\",\"urlTemplate\":\"https:\/\/grouillez-vousai.com\/en\/?s={search_term_string}\"},\"query-input\":{\"@type\":\"PropertyValueSpecification\",\"valueRequired\":true,\"valueName\":\"search_term_string\"}}],\"inLanguage\":\"en-US\"},{\"@type\":\"Organization\",\"@id\":\"https:\/\/grouillez-vousai.com\/en\/#organization\",\"name\":\"Grouillez-vous\",\"url\":\"https:\/\/grouillez-vousai.com\/en\/\",\"logo\":{\"@type\":\"ImageObject\",\"inLanguage\":\"en-US\",\"@id\":\"https:\/\/grouillez-vousai.com\/en\/#\/schema\/logo\/image\/\",\"url\":\"https:\/\/grouillez-vousai.com\/wp-content\/uploads\/2024\/12\/Grouillez-vous-AI-Website.webp\",\"contentUrl\":\"https:\/\/grouillez-vousai.com\/wp-content\/uploads\/2024\/12\/Grouillez-vous-AI-Website.webp\",\"width\":350,\"height\":100,\"caption\":\"Grouillez-vous\"},\"image\":{\"@id\":\"https:\/\/grouillez-vousai.com\/en\/#\/schema\/logo\/image\/\"},\"sameAs\":[\"https:\/\/www.facebook.com\/grouillezvous\/\",\"https:\/\/www.linkedin.com\/company\/grouillez-vous\/\"]}]}<\/script>\n<!-- \/ Yoast SEO plugin. -->","yoast_head_json":{"title":"Solutions aliment\u00e9es par l'IA - Blogue","description":"Restez inform\u00e9 avec le blog de Grouillez-Vous, qui propose des analyses sur les solutions aliment\u00e9es par l'IA, la croissance des entreprises et les technologies innovantes.","robots":{"index":"index","follow":"follow","max-snippet":"max-snippet:-1","max-image-preview":"max-image-preview:large","max-video-preview":"max-video-preview:-1"},"canonical":"https:\/\/grouillez-vousai.com\/en\/blogue\/","og_locale":"en_US","og_type":"article","og_title":"Solutions aliment\u00e9es par l'IA - Blogue","og_description":"Restez inform\u00e9 avec le blog de Grouillez-Vous, qui propose des analyses sur les solutions aliment\u00e9es par l'IA, la croissance des entreprises et les technologies innovantes.","og_url":"https:\/\/grouillez-vousai.com\/en\/blogue\/","og_site_name":"Appels IA Innovants - Grouillez-vous AI","article_publisher":"https:\/\/www.facebook.com\/grouillezvous\/","article_modified_time":"2025-02-19T05:36:46+00:00","og_image":[{"width":649,"height":290,"url":"https:\/\/grouillez-vousai.com\/wp-content\/uploads\/2025\/01\/Grouillez-vous-2.webp","type":"image\/webp"}],"twitter_card":"summary_large_image","twitter_misc":{"Est. reading time":"1 minute"},"schema":{"@context":"https:\/\/schema.org","@graph":[{"@type":"WebPage","@id":"https:\/\/grouillez-vousai.com\/en\/blogue\/","url":"https:\/\/grouillez-vousai.com\/en\/blogue\/","name":"Solutions aliment\u00e9es par l'IA - Blogue","isPartOf":{"@id":"https:\/\/grouillez-vousai.com\/en\/#website"},"primaryImageOfPage":{"@id":"https:\/\/grouillez-vousai.com\/en\/blogue\/#primaryimage"},"image":{"@id":"https:\/\/grouillez-vousai.com\/en\/blogue\/#primaryimage"},"thumbnailUrl":"https:\/\/grouillez-vousai.com\/wp-content\/uploads\/2025\/01\/Grouillez-vous-2.webp","datePublished":"2025-01-19T18:44:19+00:00","dateModified":"2025-02-19T05:36:46+00:00","description":"Restez inform\u00e9 avec le blog de Grouillez-Vous, qui propose des analyses sur les solutions aliment\u00e9es par l'IA, la croissance des entreprises et les technologies innovantes.","breadcrumb":{"@id":"https:\/\/grouillez-vousai.com\/en\/blogue\/#breadcrumb"},"inLanguage":"en-US","potentialAction":[{"@type":"ReadAction","target":["https:\/\/grouillez-vousai.com\/en\/blogue\/"]}]},{"@type":"ImageObject","inLanguage":"en-US","@id":"https:\/\/grouillez-vousai.com\/en\/blogue\/#primaryimage","url":"https:\/\/grouillez-vousai.com\/wp-content\/uploads\/2025\/01\/Grouillez-vous-2.webp","contentUrl":"https:\/\/grouillez-vousai.com\/wp-content\/uploads\/2025\/01\/Grouillez-vous-2.webp","width":649,"height":290},{"@type":"BreadcrumbList","@id":"https:\/\/grouillez-vousai.com\/en\/blogue\/#breadcrumb","itemListElement":[{"@type":"ListItem","position":1,"name":"Home","item":"https:\/\/grouillez-vousai.com\/en\/"},{"@type":"ListItem","position":2,"name":"Blog"}]},{"@type":"WebSite","@id":"https:\/\/grouillez-vousai.com\/en\/#website","url":"https:\/\/grouillez-vousai.com\/en\/","name":"Grouillez-vous","description":"AI-Powered Solutions","publisher":{"@id":"https:\/\/grouillez-vousai.com\/en\/#organization"},"potentialAction":[{"@type":"SearchAction","target":{"@type":"EntryPoint","urlTemplate":"https:\/\/grouillez-vousai.com\/en\/?s={search_term_string}"},"query-input":{"@type":"PropertyValueSpecification","valueRequired":true,"valueName":"search_term_string"}}],"inLanguage":"en-US"},{"@type":"Organization","@id":"https:\/\/grouillez-vousai.com\/en\/#organization","name":"Grouillez-vous","url":"https:\/\/grouillez-vousai.com\/en\/","logo":{"@type":"ImageObject","inLanguage":"en-US","@id":"https:\/\/grouillez-vousai.com\/en\/#\/schema\/logo\/image\/","url":"https:\/\/grouillez-vousai.com\/wp-content\/uploads\/2024\/12\/Grouillez-vous-AI-Website.webp","contentUrl":"https:\/\/grouillez-vousai.com\/wp-content\/uploads\/2024\/12\/Grouillez-vous-AI-Website.webp","width":350,"height":100,"caption":"Grouillez-vous"},"image":{"@id":"https:\/\/grouillez-vousai.com\/en\/#\/schema\/logo\/image\/"},"sameAs":["https:\/\/www.facebook.com\/grouillezvous\/","https:\/\/www.linkedin.com\/company\/grouillez-vous\/"]}]}},"rttpg_featured_image_url":{"full":["https:\/\/grouillez-vousai.com\/wp-content\/uploads\/2025\/01\/Grouillez-vous-2.webp",649,290,false],"landscape":["https:\/\/grouillez-vousai.com\/wp-content\/uploads\/2025\/01\/Grouillez-vous-2.webp",649,290,false],"portraits":["https:\/\/grouillez-vousai.com\/wp-content\/uploads\/2025\/01\/Grouillez-vous-2.webp",649,290,false],"thumbnail":["https:\/\/grouillez-vousai.com\/wp-content\/uploads\/2025\/01\/Grouillez-vous-2-150x150.webp",150,150,true],"medium":["https:\/\/grouillez-vousai.com\/wp-content\/uploads\/2025\/01\/Grouillez-vous-2-300x134.webp",300,134,true],"large":["https:\/\/grouillez-vousai.com\/wp-content\/uploads\/2025\/01\/Grouillez-vous-2.webp",640,286,false],"1536x1536":["https:\/\/grouillez-vousai.com\/wp-content\/uploads\/2025\/01\/Grouillez-vous-2.webp",649,290,false],"2048x2048":["https:\/\/grouillez-vousai.com\/wp-content\/uploads\/2025\/01\/Grouillez-vous-2.webp",649,290,false],"tp-image-grid":["https:\/\/grouillez-vousai.com\/wp-content\/uploads\/2025\/01\/Grouillez-vous-2.webp",649,290,false],"intellicon-team-slider":["https:\/\/grouillez-vousai.com\/wp-content\/uploads\/2025\/01\/Grouillez-vous-2-358x290.webp",358,290,true],"intellicon-portfolio-slider":["https:\/\/grouillez-vousai.com\/wp-content\/uploads\/2025\/01\/Grouillez-vous-2.webp",648,290,false],"intellicon-portfolio-slider-2":["https:\/\/grouillez-vousai.com\/wp-content\/uploads\/2025\/01\/Grouillez-vous-2.webp",649,290,false],"intellicon-blog-slider":["https:\/\/grouillez-vousai.com\/wp-content\/uploads\/2025\/01\/Grouillez-vous-2-420x290.webp",420,290,true],"intellicon-portfolio-grid":["https:\/\/grouillez-vousai.com\/wp-content\/uploads\/2025\/01\/Grouillez-vous-2-600x290.webp",600,290,true],"intellicon-blog-sideabr":["https:\/\/grouillez-vousai.com\/wp-content\/uploads\/2025\/01\/Grouillez-vous-2-87x87.webp",87,87,true]},"rttpg_author":{"display_name":"gvjp","author_link":"https:\/\/grouillez-vousai.com\/en\/author\/gvjp\/"},"rttpg_comment":0,"rttpg_category":" <a href=\"https:\/\/grouillez-vousai.com\/en\/\" rel=\"tag\">Fran\u00e7ais<\/a>","rttpg_excerpt":"Ready to take your business to the next level? Discover the power of tailored solutions, cutting-edge technology, and proven expertise. Let us help you achieve measurable success and stand out in your industry. Make an appointment","_links":{"self":[{"href":"https:\/\/grouillez-vousai.com\/en\/wp-json\/wp\/v2\/pages\/8547","targetHints":{"allow":["GET"]}}],"collection":[{"href":"https:\/\/grouillez-vousai.com\/en\/wp-json\/wp\/v2\/pages"}],"about":[{"href":"https:\/\/grouillez-vousai.com\/en\/wp-json\/wp\/v2\/types\/page"}],"author":[{"embeddable":true,"href":"https:\/\/grouillez-vousai.com\/en\/wp-json\/wp\/v2\/users\/1"}],"replies":[{"embeddable":true,"href":"https:\/\/grouillez-vousai.com\/en\/wp-json\/wp\/v2\/comments?post=8547"}],"version-history":[{"count":21,"href":"https:\/\/grouillez-vousai.com\/en\/wp-json\/wp\/v2\/pages\/8547\/revisions"}],"predecessor-version":[{"id":9420,"href":"https:\/\/grouillez-vousai.com\/en\/wp-json\/wp\/v2\/pages\/8547\/revisions\/9420"}],"wp:featuredmedia":[{"embeddable":true,"href":"https:\/\/grouillez-vousai.com\/en\/wp-json\/wp\/v2\/media\/8492"}],"wp:attachment":[{"href":"https:\/\/grouillez-vousai.com\/en\/wp-json\/wp\/v2\/media?parent=8547"}],"curies":[{"name":"wp","href":"https:\/\/api.w.org\/{rel}","templated":true}]}}